{"id":40,"date":"2025-03-22T14:04:04","date_gmt":"2025-03-22T14:04:04","guid":{"rendered":"https:\/\/tahoroepic.com\/home\/"},"modified":"2026-03-17T05:01:30","modified_gmt":"2026-03-17T05:01:30","slug":"inicio","status":"publish","type":"page","link":"https:\/\/tahoroepic.com\/en\/","title":{"rendered":"Inicio"},"content":{"rendered":"<h6>+19 A\u00d1OS DE EXPERIENCIA EN TECNOLOG\u00cdA<\/h6>\n<h2>El departamento inform\u00e1tico externo de tu empresa<\/h2>\n\n\n\nEquipo experto en DevOps, IA y desarrollo de apps innovadoras\n\n\n\n\nAsistencia t\u00e9cnica r\u00e1pida y eficaz para tu negocio\n\n\n\n<p style=\"font-size: 22px;\">\nCombinamos m\u00e1s de 19 a\u00f1os de experiencia ofreciendo soporte t\u00e9cnico (presencial en Canarias y remoto para cualquier lugar) con el desarrollo de soluciones modernas. Te ayudamos a escalar, innovar y asegurar tu infraestructura digital para que t\u00fa solo te preocupes de tu negocio.\n<\/p>\n\n\n\n<p>Lorem Ipsum has been the industry&#8217;s standard dummy text ever since the 1500s.<\/p>\n\n\n\n\n\n<h6>QUIENES SOMOS<\/h6>\n\n<h2><br>Especialistas en soluciones IT y transformaci\u00f3n digital con IA<\/h2>\n\n\n\nServicio t\u00e9cnico integral, redes, ciberseguridad y mantenimiento preventivo. Gestionamos tu infraestructura f\u00edsica en las islas o en la nube, garantizando estabilidad, escalabilidad y un rendimiento continuo sin interrupciones.\n\n\n\n\nDise\u00f1o y desarrollo de aplicaciones m\u00f3viles y plataformas web modernas, escalables y seguras, adaptadas a las necesidades de negocio, experiencia de usuario y conectividad con servicios internos, externos y APIs avanzadas\n\n\n\n\n\nImplementamos soluciones de inteligencia artificial para automatizar procesos, generar contenido, analizar datos y optimizar el trabajo diario, mejorando la eficiencia y productividad de tu empresa desde el primer d\u00eda\n\n\n\n\n\n\n\n\n\n\n\n<h6><\/h6>\n\n\n<h2> <br>Proyectos<\/h2>\n\n\n\n\n\n\n\n\n\n\n\n\n\n\n\n\n\n\n\n\n\n\n\n\n\n<h6>Nuestro Proceso<\/h6>\n\n\n<h2>AS\u00cd CREAMOS VALOR<\/h2>\n\n\n\n\n\n<h5>An\u00e1lisis y Creaci\u00f3n de Concepto<\/h5>\n\n\n\n\n\n<h5>Comunicaci\u00f3n e Iteraci\u00f3n Fluida<\/h5>\n\n\n\n\n\n<h5>Desarrollo de Producto T\u00e9cnico<\/h5>\n\n\n\n\n\n\n\n\n\n\n<h6>NUESTRA GalERIA<\/h6>\n\n\n<h2>Algunos de Nuestros Proyectos<\/h2>\n\n\n\n\n<p>Lorem Ipsum has been the industry&#8217;s standard dummy text ever since the 1500s.<\/p>\n\n<h5>Soporte Inform\u00e1tico<\/h5>\n\n\n\n<p>Lorem Ipsum has been the industry&#8217;s standard dummy text ever since the 1500s.<\/p>\n\n<h5>Ciberseguridad<\/h5>\n\n\n\n<p>Lorem Ipsum has been the industry&#8217;s standard dummy text ever since the 1500s.<\/p>\n\n\n<h5>Desarrollo Web<\/h5>\n\n\n\n\n\n\n\n\n<h6>SOPORTE IT PARA EMPRESAS<\/h6>\n\n\n<h2>Preparados para tu \u00e9xito con servicios IT e inteligencia artificial de confianza<\/h2>\n\n\n<p>En Tahoro Epic impulsamos tu empresa con soluciones IT inteligentes que combinan tecnolog\u00eda robusta y herramientas de inteligencia artificial.<br>Nuestro enfoque integral abarca desde la consultor\u00eda estrat\u00e9gica hasta el desarrollo e implementaci\u00f3n de sistemas automatizados, con el objetivo de optimizar procesos, asegurar tus datos y ayudarte a tomar decisiones basadas en datos reales.<br>Conectamos infraestructura, anal\u00edtica y automatizaci\u00f3n para que tu negocio est\u00e9 siempre un paso adelante.<\/p>\n\n\n\nAutomatizaci\u00f3n con IA\n\n\nConsultor\u00eda IT Estrat\u00e9gica\n\n\nAnal\u00edtica de Datos Avanzada &#8211; BI\n\n\nCiberseguridad Inteligente\n\n\n\n\n\n<p>Lorem Ipsum has been the industry&#8217;s standard dummy text ever since the 1500s.<\/p>\n\n\n\n\n\n\n<h6>Nuestros Clientes<\/h6>\n\n\n<h2><strong>Lo Que Dicen Nuestros Clientes<\/strong><\/h2>\n\n\n\n\n<br>\n\n\n<p>El equipo de Tahoro Epic entendi\u00f3 perfectamente nuestras necesidades t\u00e9cnicas y operativas. Hoy trabajamos con m\u00e1s seguridad, agilidad, confianza y visi\u00f3n a futuro gracias a su intervenci\u00f3n.<\/p>\n\n\n\n\n\n\n<br>\n\n\n<p>Gracias al equipo de Tahoro Epic, hoy tenemos un sistema de correo m\u00e1s estable, seguro y moderno. Ha mejorado la comunicaci\u00f3n y nos sentimos mucho m\u00e1s protegidos frente a cualquier incidente digital.<\/p>\n\n\n\n\n\n\n<p><\/p>","protected":false},"excerpt":{"rendered":"","protected":false},"author":1,"featured_media":0,"parent":0,"menu_order":0,"comment_status":"closed","ping_status":"closed","template":"","meta":{"pagelayer_contact_templates":[],"_pagelayer_content":"","footnotes":""},"class_list":["post-40","page","type-page","status-publish","hentry"],"_links":{"self":[{"href":"https:\/\/tahoroepic.com\/en\/wp-json\/wp\/v2\/pages\/40","targetHints":{"allow":["GET"]}}],"collection":[{"href":"https:\/\/tahoroepic.com\/en\/wp-json\/wp\/v2\/pages"}],"about":[{"href":"https:\/\/tahoroepic.com\/en\/wp-json\/wp\/v2\/types\/page"}],"author":[{"embeddable":true,"href":"https:\/\/tahoroepic.com\/en\/wp-json\/wp\/v2\/users\/1"}],"replies":[{"embeddable":true,"href":"https:\/\/tahoroepic.com\/en\/wp-json\/wp\/v2\/comments?post=40"}],"version-history":[{"count":55,"href":"https:\/\/tahoroepic.com\/en\/wp-json\/wp\/v2\/pages\/40\/revisions"}],"predecessor-version":[{"id":354,"href":"https:\/\/tahoroepic.com\/en\/wp-json\/wp\/v2\/pages\/40\/revisions\/354"}],"wp:attachment":[{"href":"https:\/\/tahoroepic.com\/en\/wp-json\/wp\/v2\/media?parent=40"}],"curies":[{"name":"wp","href":"https:\/\/api.w.org\/{rel}","templated":true}]}}