{"id":39,"date":"2025-03-22T14:04:04","date_gmt":"2025-03-22T14:04:04","guid":{"rendered":"https:\/\/tahoroepic.com\/contact\/"},"modified":"2026-02-10T00:10:43","modified_gmt":"2026-02-10T00:10:43","slug":"contacto","status":"publish","type":"page","link":"https:\/\/tahoroepic.com\/en\/contacto\/","title":{"rendered":"Contacto"},"content":{"rendered":"<h6>Contacto<\/h6>\n\n\n<h2>ready to start something epic?<\/h2>\n\n\n\n\n\n\n<h5>Contacta con nosotros<\/h5>\n\n\n<p>En Tahoro Epic combinamos tecnolog\u00eda, estrategia y seguridad para modernizar negocios que no pueden fallar.<br> Cont\u00e1ctanos y digitaliza tu operaci\u00f3n con inteligencia.<\/p>\n\n\n\n\n\n\n\n<h6>Email<\/h6>\n\n\n\n\n\n\n\n\n\n\n<h6>Tel\u00e9fono<\/h6><h6><\/h6>\n\n\n\n\n\n\n\n<h3> D\u00e9janos tu mensaje<\/h3>\n\n\n\n\n\n\n\n\n\n\n\n\n\nValle Tahoro, Spain","protected":false},"excerpt":{"rendered":"","protected":false},"author":1,"featured_media":0,"parent":0,"menu_order":0,"comment_status":"closed","ping_status":"closed","template":"","meta":{"pagelayer_contact_templates":{"6rh9579":{"cont_subject":"contact-form","cont_header":"$name,$email,$number,$subject,$message","cont_use_html":"true"}},"_pagelayer_content":"","footnotes":""},"class_list":["post-39","page","type-page","status-publish","hentry"],"_links":{"self":[{"href":"https:\/\/tahoroepic.com\/en\/wp-json\/wp\/v2\/pages\/39","targetHints":{"allow":["GET"]}}],"collection":[{"href":"https:\/\/tahoroepic.com\/en\/wp-json\/wp\/v2\/pages"}],"about":[{"href":"https:\/\/tahoroepic.com\/en\/wp-json\/wp\/v2\/types\/page"}],"author":[{"embeddable":true,"href":"https:\/\/tahoroepic.com\/en\/wp-json\/wp\/v2\/users\/1"}],"replies":[{"embeddable":true,"href":"https:\/\/tahoroepic.com\/en\/wp-json\/wp\/v2\/comments?post=39"}],"version-history":[{"count":9,"href":"https:\/\/tahoroepic.com\/en\/wp-json\/wp\/v2\/pages\/39\/revisions"}],"predecessor-version":[{"id":297,"href":"https:\/\/tahoroepic.com\/en\/wp-json\/wp\/v2\/pages\/39\/revisions\/297"}],"wp:attachment":[{"href":"https:\/\/tahoroepic.com\/en\/wp-json\/wp\/v2\/media?parent=39"}],"curies":[{"name":"wp","href":"https:\/\/api.w.org\/{rel}","templated":true}]}}