{"id":38,"date":"2025-03-22T14:04:04","date_gmt":"2025-03-22T14:04:04","guid":{"rendered":"https:\/\/tahoroepic.com\/about\/"},"modified":"2025-04-03T08:24:59","modified_gmt":"2025-04-03T08:24:59","slug":"sobre-nosotros","status":"publish","type":"page","link":"https:\/\/tahoroepic.com\/en\/sobre-nosotros\/","title":{"rendered":"Sobre nosotros"},"content":{"rendered":"<h6>Sobre nosotros<\/h6>\n<h2>Proporcionamos soluciones tecnol\u00f3gicas innovadoras y escalables.<\/h2>\n<p>Somos profesionales con amplia experiencia en DevOps, desarrollo de aplicaciones avanzadas y an\u00e1lisis predictivo. Nuestra combinaci\u00f3n \u00fanica de conocimientos t\u00e9cnicos profundos y capacidad anal\u00edtica nos permite entregar soluciones tecnol\u00f3gicas eficaces que impulsan la transformaci\u00f3n digital de nuestros clientes. Integramos metodolog\u00edas \u00e1giles, automatizaci\u00f3n inteligente y an\u00e1lisis de datos avanzado para optimizar procesos, mejorar rendimientos y potenciar el crecimiento de tu negocio.<\/p>\n\nAutomatizaci\u00f3n inteligente y pr\u00e1cticas DevOps avanzadas\nDesarrollo \u00e1gil y an\u00e1lisis predictivo personalizado\nSoluciones cloud escalables y seguras adaptadas a tu negocio\n\n\n\n\n\n\n\n\n\n\n\n\n\n<h6>SOPORTE IT PARA EMPRESAS<\/h6><h6><\/h6>\n<h2>Preparados para tu \u00e9xito con servicios IT e inteligencia artificial de confianza<\/h2><h2><\/h2>\n<p>En Tahoro Epic impulsamos tu empresa con soluciones IT inteligentes que \ncombinan tecnolog\u00eda robusta y herramientas de inteligencia artificial.<br>Nuestro\n enfoque integral abarca desde la consultor\u00eda estrat\u00e9gica hasta el \ndesarrollo e implementaci\u00f3n de sistemas automatizados, con el objetivo \nde optimizar procesos, asegurar tus datos y ayudarte a tomar decisiones \nbasadas en datos reales.<br>Conectamos infraestructura, anal\u00edtica y automatizaci\u00f3n para que tu negocio est\u00e9 siempre un paso adelante.<\/p>\n\n<span class=\"pagelayer-list-icon-holder\"><span class=\"pagel<span class=\"pagelayer-list-icon-holder\"><span class=\"pagelayer-list-item\">Automatizaci\u00f3n con IA<\/span><\/span>\n<span class=\"pagelayer-list-icon-holder\"><span class=\"pagelayer-list-item\">Consultor\u00eda IT Estrat\u00e9gica\n<\/span><\/span>\n\n\n<span class=\"pagelayer-list-icon-holder\"><span class=\"pagel<span class=\" pagelayer-list-icon-holder\"=\"\"><span class=\"pagelayer-list-item pagelayer-pen pagelayer-pen-focused\" pagelayer-editable=\"item\" contenteditable=\"true\">Anal\u00edtica de Datos Avanzada &#8211; BI<\/span><\/span><\/span>\n&nbsp; Ciberseguridad Inteligente","protected":false},"excerpt":{"rendered":"","protected":false},"author":1,"featured_media":0,"parent":0,"menu_order":0,"comment_status":"closed","ping_status":"closed","template":"","meta":{"pagelayer_contact_templates":[],"_pagelayer_content":"","footnotes":""},"class_list":["post-38","page","type-page","status-publish","hentry"],"_links":{"self":[{"href":"https:\/\/tahoroepic.com\/en\/wp-json\/wp\/v2\/pages\/38","targetHints":{"allow":["GET"]}}],"collection":[{"href":"https:\/\/tahoroepic.com\/en\/wp-json\/wp\/v2\/pages"}],"about":[{"href":"https:\/\/tahoroepic.com\/en\/wp-json\/wp\/v2\/types\/page"}],"author":[{"embeddable":true,"href":"https:\/\/tahoroepic.com\/en\/wp-json\/wp\/v2\/users\/1"}],"replies":[{"embeddable":true,"href":"https:\/\/tahoroepic.com\/en\/wp-json\/wp\/v2\/comments?post=38"}],"version-history":[{"count":5,"href":"https:\/\/tahoroepic.com\/en\/wp-json\/wp\/v2\/pages\/38\/revisions"}],"predecessor-version":[{"id":161,"href":"https:\/\/tahoroepic.com\/en\/wp-json\/wp\/v2\/pages\/38\/revisions\/161"}],"wp:attachment":[{"href":"https:\/\/tahoroepic.com\/en\/wp-json\/wp\/v2\/media?parent=38"}],"curies":[{"name":"wp","href":"https:\/\/api.w.org\/{rel}","templated":true}]}}