{"id":287,"date":"2025-04-09T13:25:29","date_gmt":"2025-04-09T13:25:29","guid":{"rendered":"https:\/\/tahoroepic.com\/?page_id=287"},"modified":"2025-04-09T13:25:29","modified_gmt":"2025-04-09T13:25:29","slug":"ciberseguridad","status":"publish","type":"page","link":"https:\/\/tahoroepic.com\/en\/ciberseguridad\/","title":{"rendered":"Ciberseguridad"},"content":{"rendered":"<h1>Ciberseguridad<\/h1>\n\n<h3 data-start=\"234\" data-end=\"302\" class=\"\">Protecci\u00f3n avanzada para tus activos digitales<\/h3>\n<h3 data-start=\"234\" data-end=\"302\" class=\"\"><\/h3>\n<p data-start=\"304\" data-end=\"626\" class=\"\">En Tahoro Epic protegemos lo m\u00e1s valioso de tu empresa: tu informaci\u00f3n, tus sistemas y tu tranquilidad operativa. Nuestra misi\u00f3n es ayudarte a mantener tu infraestructura tecnol\u00f3gica <strong data-start=\"524\" data-end=\"588\">segura, vigilada y preparada ante cualquier amenaza digital.<\/strong><\/p><br>\n<br><h3 data-start=\"628\" data-end=\"647\" class=\"\">\u00bfQu\u00e9 hacemos?<\/h3>\n<h3 data-start=\"628\" data-end=\"647\" class=\"\"><\/h3>\n<br><li data-start=\"614\" data-end=\"710\" class=\"\"><p data-start=\"616\" data-end=\"710\" class=\"\"><strong data-start=\"616\" data-end=\"658\">An\u00e1lisis de vulnerabilidades y riesgos<\/strong>: detectamos puntos d\u00e9biles antes que los atacantes.<\/p>\n<\/li><li data-start=\"711\" data-end=\"798\" class=\"\">\n<p data-start=\"713\" data-end=\"798\" class=\"\"><strong data-start=\"713\" data-end=\"758\">Monitorizaci\u00f3n 24\/7 de tu infraestructura<\/strong>: para detectar amenazas en tiempo real.<\/p>\n<\/li><li data-start=\"799\" data-end=\"922\" class=\"\">\n<p data-start=\"801\" data-end=\"922\" class=\"\"><strong data-start=\"801\" data-end=\"855\">Sistemas de protecci\u00f3n y respuesta ante incidentes<\/strong>: firewalls, antivirus avanzados, EDR\/XDR y planes de contingencia.<\/p>\n<\/li><li data-start=\"923\" data-end=\"1026\" class=\"\">\n<p data-start=\"925\" data-end=\"1026\" class=\"\"><strong data-start=\"925\" data-end=\"977\">Auditor\u00edas de seguridad y cumplimiento normativo<\/strong>: alineadas con marcos como ISO 27001, ENS, GDPR.<\/p>\n<\/li><li data-start=\"1027\" data-end=\"1128\" class=\"\">\n<p data-start=\"1029\" data-end=\"1128\" class=\"\"><strong data-start=\"1029\" data-end=\"1074\">Formaci\u00f3n y concienciaci\u00f3n para empleados<\/strong>: tu equipo tambi\u00e9n es parte esencial de la seguridad.<\/p><\/li>\n<br><h3 data-start=\"1518\" data-end=\"1554\" class=\"\">\u00bfPor qu\u00e9 confiar en nuestra soluci\u00f3n?<\/h3>\n<h3 data-start=\"1518\" data-end=\"1554\" class=\"\"><\/h3>\n<p data-start=\"1556\" data-end=\"2052\" class=\"\">\u2705 Protecci\u00f3n continua, no solo reactiva<br data-start=\"1217\" data-end=\"1220\">\n\u2705 Soluciones escalables para cualquier tama\u00f1o de empresa<br data-start=\"1276\" data-end=\"1279\">\n\u2705 Tecnolog\u00eda probada y actualizada frente a amenazas modernas<br data-start=\"1340\" data-end=\"1343\">\n\u2705 Tranquilidad operativa: tus sistemas y datos est\u00e1n a salvo<br data-start=\"1403\" data-end=\"1406\">\n\u2705 Soporte especializado y seguimiento constante<\/p>\n<h3 data-start=\"2059\" data-end=\"2091\" class=\"\">\u00bfPara qui\u00e9n es este servicio?<\/h3>\n<h3 data-start=\"2059\" data-end=\"2091\" class=\"\"><\/h3><br><li data-start=\"1495\" data-end=\"1545\" class=\"\"><p data-start=\"1497\" data-end=\"1545\" class=\"\">Empresas que manejan datos sensibles o cr\u00edticos.<\/p>\n<\/li><li data-start=\"1546\" data-end=\"1616\" class=\"\">\n<p data-start=\"1548\" data-end=\"1616\" class=\"\">Negocios con servicios online, redes internas o sistemas conectados.<\/p>\n<\/li><li data-start=\"1617\" data-end=\"1697\" class=\"\">\n<p data-start=\"1619\" data-end=\"1697\" class=\"\">Organizaciones que quieren cumplir normativas de seguridad y evitar sanciones.<\/p>\n<\/li><li data-start=\"1698\" data-end=\"1767\" class=\"\">\n<p data-start=\"1700\" data-end=\"1767\" class=\"\">Equipos que han sufrido ciberataques o quieren prevenir el primero.<\/p><\/li>\n<h2 data-start=\"2581\" data-end=\"2626\" class=\"\" style=\"font-size: x-large;\">\u00bfTe preocupa la seguridad de tu empresa?<\/h2>\n<h2 data-start=\"2581\" data-end=\"2626\" class=\"\" style=\"font-size: x-large;\"><\/h2>\n<p data-start=\"2628\" data-end=\"2739\" class=\"\">Solicita una evaluaci\u00f3n gratuita de tu entorno. Te diremos d\u00f3nde est\u00e1s, qu\u00e9 riesgos tienes y c\u00f3mo protegerte.<\/p>&nbsp;<a href=\"https:\/\/calendly.com\/hola-tahoroepic\" class=\"cta\"><img decoding=\"async\" draggable=\"true\" role=\"img\" class=\"emoji\" alt=\"\ud83d\udcde\" src=\"https:\/\/s.w.org\/images\/core\/emoji\/15.0.3\/svg\/1f4de.svg\">Agendar una llamada<\/a>","protected":false},"excerpt":{"rendered":"","protected":false},"author":1,"featured_media":0,"parent":0,"menu_order":0,"comment_status":"closed","ping_status":"closed","template":"","meta":{"pagelayer_contact_templates":[],"_pagelayer_content":"","footnotes":""},"class_list":["post-287","page","type-page","status-publish","hentry"],"_links":{"self":[{"href":"https:\/\/tahoroepic.com\/en\/wp-json\/wp\/v2\/pages\/287","targetHints":{"allow":["GET"]}}],"collection":[{"href":"https:\/\/tahoroepic.com\/en\/wp-json\/wp\/v2\/pages"}],"about":[{"href":"https:\/\/tahoroepic.com\/en\/wp-json\/wp\/v2\/types\/page"}],"author":[{"embeddable":true,"href":"https:\/\/tahoroepic.com\/en\/wp-json\/wp\/v2\/users\/1"}],"replies":[{"embeddable":true,"href":"https:\/\/tahoroepic.com\/en\/wp-json\/wp\/v2\/comments?post=287"}],"version-history":[{"count":2,"href":"https:\/\/tahoroepic.com\/en\/wp-json\/wp\/v2\/pages\/287\/revisions"}],"predecessor-version":[{"id":289,"href":"https:\/\/tahoroepic.com\/en\/wp-json\/wp\/v2\/pages\/287\/revisions\/289"}],"wp:attachment":[{"href":"https:\/\/tahoroepic.com\/en\/wp-json\/wp\/v2\/media?parent=287"}],"curies":[{"name":"wp","href":"https:\/\/api.w.org\/{rel}","templated":true}]}}