{"id":277,"date":"2025-04-09T13:15:46","date_gmt":"2025-04-09T13:15:46","guid":{"rendered":"https:\/\/tahoroepic.com\/?page_id=277"},"modified":"2025-04-09T13:20:50","modified_gmt":"2025-04-09T13:20:50","slug":"consultoria-soluciones-tecnologicas","status":"publish","type":"page","link":"https:\/\/tahoroepic.com\/en\/consultoria-soluciones-tecnologicas\/","title":{"rendered":"An\u00e1lisis y Creaci\u00f3n de Soluciones"},"content":{"rendered":"<h1>An\u00e1lisis y Creaci\u00f3n de Soluciones<\/h1>\n\n<h3 data-start=\"234\" data-end=\"302\" class=\"\">Consultor\u00eda estrat\u00e9gica para dise\u00f1ar tecnolog\u00eda que impulsa tu negocio<\/h3>\n<h3 data-start=\"234\" data-end=\"302\" class=\"\"><\/h3>\n<p data-start=\"304\" data-end=\"626\" class=\"\">En Tahoro Epic analizamos a fondo las necesidades espec\u00edficas de tu empresa para dise\u00f1ar e implementar <strong data-start=\"581\" data-end=\"623\">soluciones tecnol\u00f3gicas personalizadas<\/strong>, con impacto real en tu operativa y crecimiento.<\/p><br>\n<br><h3 data-start=\"628\" data-end=\"647\" class=\"\">\u00bfQu\u00e9 hacemos?<\/h3>\n<h3 data-start=\"628\" data-end=\"647\" class=\"\"><\/h3>\n<li data-start=\"693\" data-end=\"775\" class=\"\"><p data-start=\"695\" data-end=\"775\" class=\"\"><strong data-start=\"695\" data-end=\"736\">Consultor\u00eda tecnol\u00f3gica especializada<\/strong>, orientada a tus objetivos de negocio.<\/p>\n<\/li><li data-start=\"776\" data-end=\"881\" class=\"\">\n<p data-start=\"778\" data-end=\"881\" class=\"\"><strong data-start=\"778\" data-end=\"810\">Diagn\u00f3stico inicial completo<\/strong> para identificar oportunidades de mejora, automatizaci\u00f3n y eficiencia.<\/p>\n<\/li><li data-start=\"882\" data-end=\"977\" class=\"\">\n<p data-start=\"884\" data-end=\"977\" class=\"\"><strong data-start=\"884\" data-end=\"923\">Dise\u00f1o de soluciones personalizadas<\/strong> (software, integraciones, arquitectura tecnol\u00f3gica\u2026).<\/p>\n<\/li><li data-start=\"978\" data-end=\"1063\" class=\"\">\n<p data-start=\"980\" data-end=\"1063\" class=\"\"><strong data-start=\"980\" data-end=\"1024\">Implementaci\u00f3n e integraci\u00f3n de sistemas<\/strong>, asegurando escalabilidad y seguridad.<\/p>\n<\/li><li data-start=\"1064\" data-end=\"1139\" class=\"\">\n<p data-start=\"1066\" data-end=\"1139\" class=\"\"><strong data-start=\"1066\" data-end=\"1106\">Acompa\u00f1amiento t\u00e9cnico y estrat\u00e9gico<\/strong>, incluso despu\u00e9s del despliegue.<\/p><\/li>\n<br><h3 data-start=\"1518\" data-end=\"1554\" class=\"\">Beneficios clave para tu empresa<\/h3>\n<h3 data-start=\"1518\" data-end=\"1554\" class=\"\"><\/h3>\n<p data-start=\"1556\" data-end=\"2052\" class=\"\">\u2705 Soluciones pensadas para ti, no gen\u00e9ricas<br data-start=\"1221\" data-end=\"1224\">\n\u2705 Mayor eficiencia operativa<br data-start=\"1252\" data-end=\"1255\">\n\u2705 Reducci\u00f3n de errores y costes ocultos<br data-start=\"1294\" data-end=\"1297\">\n\u2705 Integraci\u00f3n fluida con tus procesos existentes<br data-start=\"1345\" data-end=\"1348\">\n\u2705 Soporte continuo y visi\u00f3n a largo plazo<\/p>\n<h3 data-start=\"2059\" data-end=\"2091\" class=\"\">\u00bfA qui\u00e9n va dirigido?<\/h3>\n<h3 data-start=\"2059\" data-end=\"2091\" class=\"\"><\/h3><li data-start=\"1418\" data-end=\"1493\" class=\"\"><p data-start=\"1420\" data-end=\"1493\" class=\"\">Empresas que buscan digitalizar procesos de forma ordenada y estrat\u00e9gica.<\/p>\n<\/li><li data-start=\"1494\" data-end=\"1570\" class=\"\">\n<p data-start=\"1496\" data-end=\"1570\" class=\"\">Organizaciones con retos operativos que no encuentran soluciones est\u00e1ndar.<\/p>\n<\/li><li data-start=\"1571\" data-end=\"1653\" class=\"\">\n<p data-start=\"1573\" data-end=\"1653\" class=\"\">Equipos que necesitan apoyo tecnol\u00f3gico para escalar o mejorar su productividad.<\/p><\/li>\n<h2 data-start=\"2581\" data-end=\"2626\" class=\"\" style=\"font-size: x-large;\">\u00bfQuieres que analicemos tu caso?<\/h2>\n<h2 data-start=\"2581\" data-end=\"2626\" class=\"\" style=\"font-size: x-large;\"><\/h2>\n<p data-start=\"2628\" data-end=\"2739\" class=\"\">Solicita una reuni\u00f3n sin compromiso y te presentaremos ideas viables para tu entorno real.<\/p>&nbsp;<a href=\"https:\/\/calendly.com\/hola-tahoroepic\" class=\"cta\"><img decoding=\"async\" draggable=\"true\" role=\"img\" class=\"emoji\" alt=\"\ud83d\udcde\" src=\"https:\/\/s.w.org\/images\/core\/emoji\/15.0.3\/svg\/1f4de.svg\">Agendar una llamada<\/a>","protected":false},"excerpt":{"rendered":"","protected":false},"author":1,"featured_media":0,"parent":0,"menu_order":0,"comment_status":"closed","ping_status":"closed","template":"","meta":{"pagelayer_contact_templates":[],"_pagelayer_content":"","footnotes":""},"class_list":["post-277","page","type-page","status-publish","hentry"],"_links":{"self":[{"href":"https:\/\/tahoroepic.com\/en\/wp-json\/wp\/v2\/pages\/277","targetHints":{"allow":["GET"]}}],"collection":[{"href":"https:\/\/tahoroepic.com\/en\/wp-json\/wp\/v2\/pages"}],"about":[{"href":"https:\/\/tahoroepic.com\/en\/wp-json\/wp\/v2\/types\/page"}],"author":[{"embeddable":true,"href":"https:\/\/tahoroepic.com\/en\/wp-json\/wp\/v2\/users\/1"}],"replies":[{"embeddable":true,"href":"https:\/\/tahoroepic.com\/en\/wp-json\/wp\/v2\/comments?post=277"}],"version-history":[{"count":4,"href":"https:\/\/tahoroepic.com\/en\/wp-json\/wp\/v2\/pages\/277\/revisions"}],"predecessor-version":[{"id":286,"href":"https:\/\/tahoroepic.com\/en\/wp-json\/wp\/v2\/pages\/277\/revisions\/286"}],"wp:attachment":[{"href":"https:\/\/tahoroepic.com\/en\/wp-json\/wp\/v2\/media?parent=277"}],"curies":[{"name":"wp","href":"https:\/\/api.w.org\/{rel}","templated":true}]}}